{"id":8366,"date":"2016-01-22T19:30:40","date_gmt":"2016-01-22T18:30:40","guid":{"rendered":"https:\/\/kunsthofdeheuf.nl\/?page_id=8366"},"modified":"2021-11-12T16:05:15","modified_gmt":"2021-11-12T15:05:15","slug":"home","status":"publish","type":"page","link":"https:\/\/kunsthofdeheuf.nl\/","title":{"rendered":"HOME"},"content":{"rendered":"\n<div data-elementor-type=\"wp-page\" data-elementor-id=\"8366\" class=\"elementor elementor-8366\" data-elementor-settings=\"[]\">\n<div class=\"elementor-section-wrap\">\n<section class=\"elementor-section elementor-top-section elementor-element elementor-element-1a90159b elementor-section-height-min-height elementor-section-items-bottom elementor-section-boxed elementor-section-height-default\" data-id=\"1a90159b\" data-element_type=\"section\" data-settings=\"{&quot;background_background&quot;:&quot;classic&quot;}\">\n<div class=\"elementor-container elementor-column-gap-default\">\n<div class=\"elementor-column elementor-col-100 elementor-top-column elementor-element elementor-element-34d50c12\" data-id=\"34d50c12\" data-element_type=\"column\">\n<div class=\"elementor-widget-wrap elementor-element-populated\">\n<div class=\"elementor-element elementor-element-36fa86e5 elementor-widget elementor-widget-heading\" data-id=\"36fa86e5\" data-element_type=\"widget\" data-widget_type=\"heading.default\">\n<div class=\"elementor-widget-container\">\n<h1 class=\"elementor-heading-title elementor-size-default\">het<br \/>PSYCHOLOGIE IN THEATER<br \/> productiehuis<\/h1>\n<\/p><\/div>\n<\/p><\/div>\n<div class=\"elementor-element elementor-element-5aeee925 elementor-widget elementor-widget-spacer\" data-id=\"5aeee925\" data-element_type=\"widget\" data-widget_type=\"spacer.default\">\n<div class=\"elementor-widget-container\">\n<div class=\"elementor-spacer\">\n<div class=\"elementor-spacer-inner\"><\/div>\n<\/p><\/div>\n<\/p><\/div>\n<\/p><\/div>\n<div class=\"elementor-element elementor-element-ecc18cc elementor-align-left elementor-widget elementor-widget-button\" data-id=\"ecc18cc\" data-element_type=\"widget\" data-widget_type=\"button.default\">\n<div class=\"elementor-widget-container\">\n<div class=\"elementor-button-wrapper\">\n\t\t\t<a href=\"https:\/\/www.psychologieintheater.nl\" class=\"elementor-button-link elementor-button elementor-size-sm\" role=\"button\"><br \/>\n\t\t\t\t\t\t<span class=\"elementor-button-content-wrapper\"><br \/>\n\t\t\t\t\t\t<span class=\"elementor-button-text\">DICHTERBIJ<\/span><br \/>\n\t\t<\/span><br \/>\n\t\t\t\t\t<\/a>\n\t\t<\/div>\n<\/p><\/div>\n<\/p><\/div>\n<div class=\"elementor-element elementor-element-2d1b3074 elementor-align-left elementor-widget elementor-widget-button\" data-id=\"2d1b3074\" data-element_type=\"widget\" data-widget_type=\"button.default\">\n<div class=\"elementor-widget-container\">\n<div class=\"elementor-button-wrapper\">\n\t\t\t<a href=\"https:\/\/www.oudwordenmetzorg.nl\" class=\"elementor-button-link elementor-button elementor-size-sm\" role=\"button\"><br \/>\n\t\t\t\t\t\t<span class=\"elementor-button-content-wrapper\"><br \/>\n\t\t\t\t\t\t<span class=\"elementor-button-text\">DAG MAMA 1 & 2<\/span><br \/>\n\t\t<\/span><br \/>\n\t\t\t\t\t<\/a>\n\t\t<\/div>\n<\/p><\/div>\n<\/p><\/div>\n<div class=\"elementor-element elementor-element-3fdf2159 elementor-widget elementor-widget-spacer\" data-id=\"3fdf2159\" data-element_type=\"widget\" data-widget_type=\"spacer.default\">\n<div class=\"elementor-widget-container\">\n<div class=\"elementor-spacer\">\n<div class=\"elementor-spacer-inner\"><\/div>\n<\/p><\/div>\n<\/p><\/div>\n<\/p><\/div>\n<\/p><\/div>\n<\/p><\/div>\n<\/p><\/div>\n<\/section>\n<section class=\"elementor-section elementor-top-section elementor-element elementor-element-62a0bf62 elementor-section-boxed elementor-section-height-default elementor-section-height-default\" data-id=\"62a0bf62\" data-element_type=\"section\" data-settings=\"{&quot;background_background&quot;:&quot;classic&quot;}\">\n<div class=\"elementor-container elementor-column-gap-default\">\n<div class=\"elementor-column elementor-col-100 elementor-top-column elementor-element elementor-element-7676796b\" data-id=\"7676796b\" data-element_type=\"column\">\n<div class=\"elementor-widget-wrap elementor-element-populated\">\n<div class=\"elementor-element elementor-element-3067a15c elementor-widget elementor-widget-spacer\" data-id=\"3067a15c\" data-element_type=\"widget\" data-widget_type=\"spacer.default\">\n<div class=\"elementor-widget-container\">\n<div class=\"elementor-spacer\">\n<div class=\"elementor-spacer-inner\"><\/div>\n<\/p><\/div>\n<\/p><\/div>\n<\/p><\/div>\n<\/p><\/div>\n<\/p><\/div>\n<\/p><\/div>\n<\/section>\n<section class=\"elementor-section elementor-top-section elementor-element elementor-element-1572431c elementor-section-boxed elementor-section-height-default elementor-section-height-default\" data-id=\"1572431c\" data-element_type=\"section\" data-settings=\"{&quot;background_background&quot;:&quot;classic&quot;}\">\n<div class=\"elementor-container elementor-column-gap-wider\">\n<div class=\"elementor-column elementor-col-50 elementor-top-column elementor-element elementor-element-1b837a20\" data-id=\"1b837a20\" data-element_type=\"column\">\n<div class=\"elementor-widget-wrap elementor-element-populated\">\n<div class=\"elementor-element elementor-element-6a7e1048 elementor-widget elementor-widget-image\" data-id=\"6a7e1048\" data-element_type=\"widget\" data-widget_type=\"image.default\">\n<div class=\"elementor-widget-container\">\n\t\t\t\t\t\t\t\t\t\t\t\t\t\t\t\t<a href=\"https:\/\/www.psychologieintheater.nl\/dichterbij\"><br \/>\n\t\t\t\t\t\t\t<img width=\"1024\" height=\"934\" src=\"https:\/\/kunsthofdeheuf.nl\/wp-content\/uploads\/2021\/11\/sarah-en-misha-v10-2-scaled-1-1024x934.jpg\" class=\"attachment-large size-large\" alt=\"\" loading=\"lazy\" srcset=\"https:\/\/kunsthofdeheuf.nl\/wp-content\/uploads\/2021\/11\/sarah-en-misha-v10-2-scaled-1-200x182.jpg 200w, https:\/\/kunsthofdeheuf.nl\/wp-content\/uploads\/2021\/11\/sarah-en-misha-v10-2-scaled-1-300x274.jpg 300w, https:\/\/kunsthofdeheuf.nl\/wp-content\/uploads\/2021\/11\/sarah-en-misha-v10-2-scaled-1-400x365.jpg 400w, https:\/\/kunsthofdeheuf.nl\/wp-content\/uploads\/2021\/11\/sarah-en-misha-v10-2-scaled-1-600x547.jpg 600w, https:\/\/kunsthofdeheuf.nl\/wp-content\/uploads\/2021\/11\/sarah-en-misha-v10-2-scaled-1-768x700.jpg 768w, https:\/\/kunsthofdeheuf.nl\/wp-content\/uploads\/2021\/11\/sarah-en-misha-v10-2-scaled-1-800x729.jpg 800w, https:\/\/kunsthofdeheuf.nl\/wp-content\/uploads\/2021\/11\/sarah-en-misha-v10-2-scaled-1-1024x934.jpg 1024w, https:\/\/kunsthofdeheuf.nl\/wp-content\/uploads\/2021\/11\/sarah-en-misha-v10-2-scaled-1-1200x1094.jpg 1200w, https:\/\/kunsthofdeheuf.nl\/wp-content\/uploads\/2021\/11\/sarah-en-misha-v10-2-scaled-1-1536x1400.jpg 1536w\" sizes=\"(max-width: 1024px) 100vw, 1024px\" \/>\t\t\t\t\t\t\t\t<\/a>\n\t\t\t\t\t\t\t\t\t\t\t\t\t\t\t<\/div>\n<\/p><\/div>\n<div class=\"elementor-element elementor-element-d952686 elementor-widget elementor-widget-heading\" data-id=\"d952686\" data-element_type=\"widget\" data-widget_type=\"heading.default\">\n<div class=\"elementor-widget-container\">\n<h1 class=\"elementor-heading-title elementor-size-default\"><a href=\"https:\/\/www.psychologieintheater.nl\/dichterbij\">Relatiecrisis in Theater  <br \/> Dichterbij<\/a><\/h1>\n<\/p><\/div>\n<\/p><\/div>\n<div class=\"elementor-element elementor-element-5f869515 elementor-widget elementor-widget-text-editor\" data-id=\"5f869515\" data-element_type=\"widget\" data-widget_type=\"text-editor.default\">\n<div class=\"elementor-widget-container\">\n<p>Dichterbij is de nieuwe muziektheatershow in Nederland en Belgi\u00eb over de liefde. Ervaar w\u00e1t ons geluk in de weg staat en begrijp ho\u00e9 we het tij kunnen keren.<\/p>\n<\/p><\/div>\n<\/p><\/div>\n<section class=\"elementor-section elementor-inner-section elementor-element elementor-element-1c6510c6 elementor-section-boxed elementor-section-height-default elementor-section-height-default\" data-id=\"1c6510c6\" data-element_type=\"section\">\n<div class=\"elementor-container elementor-column-gap-no\">\n<div class=\"elementor-column elementor-col-50 elementor-inner-column elementor-element elementor-element-dfa4242\" data-id=\"dfa4242\" data-element_type=\"column\">\n<div class=\"elementor-widget-wrap elementor-element-populated\">\n<div class=\"elementor-element elementor-element-c763842 elementor-widget elementor-widget-button\" data-id=\"c763842\" data-element_type=\"widget\" data-widget_type=\"button.default\">\n<div class=\"elementor-widget-container\">\n<div class=\"elementor-button-wrapper\">\n\t\t\t<a href=\"https:\/\/www.psychologieintheater.nl\" class=\"elementor-button-link elementor-button elementor-size-sm\" role=\"button\"><br \/>\n\t\t\t\t\t\t<span class=\"elementor-button-content-wrapper\"><br \/>\n\t\t\t\t\t\t<span class=\"elementor-button-text\">DE SHOW<\/span><br \/>\n\t\t<\/span><br \/>\n\t\t\t\t\t<\/a>\n\t\t<\/div>\n<\/p><\/div>\n<\/p><\/div>\n<\/p><\/div>\n<\/p><\/div>\n<div class=\"elementor-column elementor-col-50 elementor-inner-column elementor-element elementor-element-6c63b4d4\" data-id=\"6c63b4d4\" data-element_type=\"column\">\n<div class=\"elementor-widget-wrap elementor-element-populated\">\n<div class=\"elementor-element elementor-element-477621a1 elementor-widget elementor-widget-spacer\" data-id=\"477621a1\" data-element_type=\"widget\" data-widget_type=\"spacer.default\">\n<div class=\"elementor-widget-container\">\n<div class=\"elementor-spacer\">\n<div class=\"elementor-spacer-inner\"><\/div>\n<\/p><\/div>\n<\/p><\/div>\n<\/p><\/div>\n<\/p><\/div>\n<\/p><\/div>\n<\/p><\/div>\n<\/section><\/div>\n<\/p><\/div>\n<div class=\"elementor-column elementor-col-50 elementor-top-column elementor-element elementor-element-45716c6c\" data-id=\"45716c6c\" data-element_type=\"column\">\n<div class=\"elementor-widget-wrap elementor-element-populated\">\n<div class=\"elementor-element elementor-element-65c8bb42 elementor-widget elementor-widget-image\" data-id=\"65c8bb42\" data-element_type=\"widget\" data-widget_type=\"image.default\">\n<div class=\"elementor-widget-container\">\n\t\t\t\t\t\t\t\t\t\t\t\t\t\t\t\t<a href=\"https:\/\/www.oudwordenmetzorg.nl\"><br \/>\n\t\t\t\t\t\t\t<img width=\"1024\" height=\"942\" src=\"https:\/\/kunsthofdeheuf.nl\/wp-content\/uploads\/2021\/11\/Lydia-en-Sarah-ALT4-FB-FORMAAT-V7-zonder-tekst-scaled-1-1024x942.jpg\" class=\"attachment-large size-large\" alt=\"\" loading=\"lazy\" srcset=\"https:\/\/kunsthofdeheuf.nl\/wp-content\/uploads\/2021\/11\/Lydia-en-Sarah-ALT4-FB-FORMAAT-V7-zonder-tekst-scaled-1-200x184.jpg 200w, https:\/\/kunsthofdeheuf.nl\/wp-content\/uploads\/2021\/11\/Lydia-en-Sarah-ALT4-FB-FORMAAT-V7-zonder-tekst-scaled-1-300x276.jpg 300w, https:\/\/kunsthofdeheuf.nl\/wp-content\/uploads\/2021\/11\/Lydia-en-Sarah-ALT4-FB-FORMAAT-V7-zonder-tekst-scaled-1-400x368.jpg 400w, https:\/\/kunsthofdeheuf.nl\/wp-content\/uploads\/2021\/11\/Lydia-en-Sarah-ALT4-FB-FORMAAT-V7-zonder-tekst-scaled-1-600x552.jpg 600w, https:\/\/kunsthofdeheuf.nl\/wp-content\/uploads\/2021\/11\/Lydia-en-Sarah-ALT4-FB-FORMAAT-V7-zonder-tekst-scaled-1-768x706.jpg 768w, https:\/\/kunsthofdeheuf.nl\/wp-content\/uploads\/2021\/11\/Lydia-en-Sarah-ALT4-FB-FORMAAT-V7-zonder-tekst-scaled-1-800x736.jpg 800w, https:\/\/kunsthofdeheuf.nl\/wp-content\/uploads\/2021\/11\/Lydia-en-Sarah-ALT4-FB-FORMAAT-V7-zonder-tekst-scaled-1-1024x942.jpg 1024w, https:\/\/kunsthofdeheuf.nl\/wp-content\/uploads\/2021\/11\/Lydia-en-Sarah-ALT4-FB-FORMAAT-V7-zonder-tekst-scaled-1-1200x1103.jpg 1200w, https:\/\/kunsthofdeheuf.nl\/wp-content\/uploads\/2021\/11\/Lydia-en-Sarah-ALT4-FB-FORMAAT-V7-zonder-tekst-scaled-1-1536x1412.jpg 1536w\" sizes=\"(max-width: 1024px) 100vw, 1024px\" \/>\t\t\t\t\t\t\t\t<\/a>\n\t\t\t\t\t\t\t\t\t\t\t\t\t\t\t<\/div>\n<\/p><\/div>\n<div class=\"elementor-element elementor-element-10274d4f elementor-widget elementor-widget-heading\" data-id=\"10274d4f\" data-element_type=\"widget\" data-widget_type=\"heading.default\">\n<div class=\"elementor-widget-container\">\n<h1 class=\"elementor-heading-title elementor-size-default\">DEmentie in theater  <br \/> Dag mama 1 &amp; 2<\/h1>\n<\/p><\/div>\n<\/p><\/div>\n<div class=\"elementor-element elementor-element-47c1a591 elementor-widget elementor-widget-text-editor\" data-id=\"47c1a591\" data-element_type=\"widget\" data-widget_type=\"text-editor.default\">\n<div class=\"elementor-widget-container\">\n<p>Dag Mama 1 en 2 nemen we u mee in de opzienbarende wereld van dementie. Zodat het leven met dementie zoveel mogelijk een gelukkig leven kan zijn. Voor iedereen.<\/p>\n<\/p><\/div>\n<\/p><\/div>\n<section class=\"elementor-section elementor-inner-section elementor-element elementor-element-4338d6ee elementor-section-boxed elementor-section-height-default elementor-section-height-default\" data-id=\"4338d6ee\" data-element_type=\"section\">\n<div class=\"elementor-container elementor-column-gap-no\">\n<div class=\"elementor-column elementor-col-100 elementor-inner-column elementor-element elementor-element-74218ecf\" data-id=\"74218ecf\" data-element_type=\"column\">\n<div class=\"elementor-widget-wrap elementor-element-populated\">\n<div class=\"elementor-element elementor-element-5ecfabb7 elementor-widget elementor-widget-button\" data-id=\"5ecfabb7\" data-element_type=\"widget\" data-widget_type=\"button.default\">\n<div class=\"elementor-widget-container\">\n<div class=\"elementor-button-wrapper\">\n\t\t\t<a href=\"https:\/\/www.oudwordenmetzorg.nl\" class=\"elementor-button-link elementor-button elementor-size-sm\" role=\"button\"><br \/>\n\t\t\t\t\t\t<span class=\"elementor-button-content-wrapper\"><br \/>\n\t\t\t\t\t\t<span class=\"elementor-button-text\">DE SHOWS<\/span><br \/>\n\t\t<\/span><br \/>\n\t\t\t\t\t<\/a>\n\t\t<\/div>\n<\/p><\/div>\n<\/p><\/div>\n<\/p><\/div>\n<\/p><\/div>\n<\/p><\/div>\n<\/section><\/div>\n<\/p><\/div>\n<\/p><\/div>\n<\/section>\n<section class=\"elementor-section elementor-top-section elementor-element elementor-element-1bdafd8d elementor-section-boxed elementor-section-height-default elementor-section-height-default\" data-id=\"1bdafd8d\" data-element_type=\"section\" data-settings=\"{&quot;background_background&quot;:&quot;classic&quot;}\">\n<div class=\"elementor-container elementor-column-gap-wider\">\n<div class=\"elementor-column elementor-col-50 elementor-top-column elementor-element elementor-element-179ee979\" data-id=\"179ee979\" data-element_type=\"column\">\n<div class=\"elementor-widget-wrap elementor-element-populated\">\n<div class=\"elementor-element elementor-element-18a3542d elementor-widget elementor-widget-heading\" data-id=\"18a3542d\" data-element_type=\"widget\" data-widget_type=\"heading.default\">\n<div class=\"elementor-widget-container\">\n<h1 class=\"elementor-heading-title elementor-size-default\">volg ons op facebook<\/h1>\n<\/p><\/div>\n<\/p><\/div>\n<div class=\"elementor-element elementor-element-2ff15f4a elementor-widget elementor-widget-facebook-page\" data-id=\"2ff15f4a\" data-element_type=\"widget\" data-widget_type=\"facebook-page.default\">\n<div class=\"elementor-widget-container\">\n<div class=\"elementor-facebook-widget fb-page\" data-href=\"https:\/\/www.facebook.com\/psychologieintheater\" data-tabs=\"timeline\" data-height=\"824px\" data-width=\"500px\" data-small-header=\"false\" data-hide-cover=\"false\" data-show-facepile=\"true\" data-hide-cta=\"false\" style=\"min-height: 1px;height:824px\"><\/div>\n<\/p><\/div>\n<\/p><\/div>\n<div class=\"elementor-element elementor-element-325865cf elementor-widget elementor-widget-spacer\" data-id=\"325865cf\" data-element_type=\"widget\" data-widget_type=\"spacer.default\">\n<div class=\"elementor-widget-container\">\n<div class=\"elementor-spacer\">\n<div class=\"elementor-spacer-inner\"><\/div>\n<\/p><\/div>\n<\/p><\/div>\n<\/p><\/div>\n<\/p><\/div>\n<\/p><\/div>\n<div class=\"elementor-column elementor-col-50 elementor-top-column elementor-element elementor-element-59b4506a\" data-id=\"59b4506a\" data-element_type=\"column\">\n<div class=\"elementor-widget-wrap elementor-element-populated\">\n<div class=\"elementor-element elementor-element-19f0abea elementor-widget elementor-widget-image\" data-id=\"19f0abea\" data-element_type=\"widget\" data-widget_type=\"image.default\">\n<div class=\"elementor-widget-container\">\n\t\t\t\t\t\t\t\t\t\t\t\t\t\t\t\t<a href=\"https:\/\/www.oudwordenmetzorg.nl\"><br \/>\n\t\t\t\t\t\t\t<img width=\"2560\" height=\"2340\" src=\"https:\/\/kunsthofdeheuf.nl\/wp-content\/uploads\/2021\/11\/foto-hoeve-donker-9-1-scaled-1.jpg\" class=\"attachment-full size-full\" alt=\"\" loading=\"lazy\" srcset=\"https:\/\/kunsthofdeheuf.nl\/wp-content\/uploads\/2021\/11\/foto-hoeve-donker-9-1-scaled-1-200x183.jpg 200w, https:\/\/kunsthofdeheuf.nl\/wp-content\/uploads\/2021\/11\/foto-hoeve-donker-9-1-scaled-1-300x274.jpg 300w, https:\/\/kunsthofdeheuf.nl\/wp-content\/uploads\/2021\/11\/foto-hoeve-donker-9-1-scaled-1-400x366.jpg 400w, https:\/\/kunsthofdeheuf.nl\/wp-content\/uploads\/2021\/11\/foto-hoeve-donker-9-1-scaled-1-600x548.jpg 600w, https:\/\/kunsthofdeheuf.nl\/wp-content\/uploads\/2021\/11\/foto-hoeve-donker-9-1-scaled-1-768x702.jpg 768w, https:\/\/kunsthofdeheuf.nl\/wp-content\/uploads\/2021\/11\/foto-hoeve-donker-9-1-scaled-1-800x731.jpg 800w, https:\/\/kunsthofdeheuf.nl\/wp-content\/uploads\/2021\/11\/foto-hoeve-donker-9-1-scaled-1-1024x936.jpg 1024w, https:\/\/kunsthofdeheuf.nl\/wp-content\/uploads\/2021\/11\/foto-hoeve-donker-9-1-scaled-1-1200x1097.jpg 1200w, https:\/\/kunsthofdeheuf.nl\/wp-content\/uploads\/2021\/11\/foto-hoeve-donker-9-1-scaled-1-1536x1404.jpg 1536w, https:\/\/kunsthofdeheuf.nl\/wp-content\/uploads\/2021\/11\/foto-hoeve-donker-9-1-scaled-1.jpg 2560w\" sizes=\"(max-width: 2560px) 100vw, 2560px\" \/>\t\t\t\t\t\t\t\t<\/a>\n\t\t\t\t\t\t\t\t\t\t\t\t\t\t\t<\/div>\n<\/p><\/div>\n<div class=\"elementor-element elementor-element-65f62ed4 elementor-widget elementor-widget-heading\" data-id=\"65f62ed4\" data-element_type=\"widget\" data-widget_type=\"heading.default\">\n<div class=\"elementor-widget-container\">\n<h1 class=\"elementor-heading-title elementor-size-default\">theater de heuf <br \/><\/h1>\n<\/p><\/div>\n<\/p><\/div>\n<div class=\"elementor-element elementor-element-32dd2b8c elementor-widget elementor-widget-text-editor\" data-id=\"32dd2b8c\" data-element_type=\"widget\" data-widget_type=\"text-editor.default\">\n<div class=\"elementor-widget-container\">\n<p>De plek waar we wonen, werken en leven. Waar we iedere dag samen muziek maken, theaterstukken schrijven, verhalen vertellen en elkaar stimuleren en motiveren.. Dat is theater de Heuf voor ons. En voor velen die hier geweest zijn.<\/p>\n<\/p><\/div>\n<\/p><\/div>\n<section class=\"elementor-section elementor-inner-section elementor-element elementor-element-2629e827 elementor-section-boxed elementor-section-height-default elementor-section-height-default\" data-id=\"2629e827\" data-element_type=\"section\">\n<div class=\"elementor-container elementor-column-gap-no\">\n<div class=\"elementor-column elementor-col-100 elementor-inner-column elementor-element elementor-element-4830f02\" data-id=\"4830f02\" data-element_type=\"column\">\n<div class=\"elementor-widget-wrap elementor-element-populated\">\n<div class=\"elementor-element elementor-element-46d64eb4 elementor-widget elementor-widget-button\" data-id=\"46d64eb4\" data-element_type=\"widget\" data-widget_type=\"button.default\">\n<div class=\"elementor-widget-container\">\n<div class=\"elementor-button-wrapper\">\n\t\t\t<a href=\"https:\/\/www.psychologieintheater.nl\/over-ons\/\" class=\"elementor-button-link elementor-button elementor-size-sm\" role=\"button\"><br \/>\n\t\t\t\t\t\t<span class=\"elementor-button-content-wrapper\"><br \/>\n\t\t\t\t\t\t<span class=\"elementor-button-text\">LEES MEER<\/span><br \/>\n\t\t<\/span><br \/>\n\t\t\t\t\t<\/a>\n\t\t<\/div>\n<\/p><\/div>\n<\/p><\/div>\n<\/p><\/div>\n<\/p><\/div>\n<\/p><\/div>\n<\/section><\/div>\n<\/p><\/div>\n<\/p><\/div>\n<\/section><\/div>\n<\/p><\/div>\n","protected":false},"excerpt":{"rendered":"<p>hetPSYCHOLOGIE IN THEATER productiehuis DICHTERBIJ DAG MAMA 1 &#038; 2 Relatiecrisis in Theater Dichterbij Dichterbij is de nieuwe muziektheatershow in Nederland en Belgi\u00eb over de liefde. Ervaar w\u00e1t ons geluk in de weg staat en begrijp ho\u00e9 we het tij kunnen keren. DE SHOW DEmentie in theater Dag mama 1 &amp; 2 Dag Mama 1 [&hellip;]<\/p>\n","protected":false},"author":1,"featured_media":0,"parent":0,"menu_order":0,"comment_status":"closed","ping_status":"closed","template":"elementor_canvas","meta":[],"_links":{"self":[{"href":"https:\/\/kunsthofdeheuf.nl\/index.php?rest_route=\/wp\/v2\/pages\/8366"}],"collection":[{"href":"https:\/\/kunsthofdeheuf.nl\/index.php?rest_route=\/wp\/v2\/pages"}],"about":[{"href":"https:\/\/kunsthofdeheuf.nl\/index.php?rest_route=\/wp\/v2\/types\/page"}],"author":[{"embeddable":true,"href":"https:\/\/kunsthofdeheuf.nl\/index.php?rest_route=\/wp\/v2\/users\/1"}],"replies":[{"embeddable":true,"href":"https:\/\/kunsthofdeheuf.nl\/index.php?rest_route=%2Fwp%2Fv2%2Fcomments&post=8366"}],"version-history":[{"count":149,"href":"https:\/\/kunsthofdeheuf.nl\/index.php?rest_route=\/wp\/v2\/pages\/8366\/revisions"}],"predecessor-version":[{"id":11473,"href":"https:\/\/kunsthofdeheuf.nl\/index.php?rest_route=\/wp\/v2\/pages\/8366\/revisions\/11473"}],"wp:attachment":[{"href":"https:\/\/kunsthofdeheuf.nl\/index.php?rest_route=%2Fwp%2Fv2%2Fmedia&parent=8366"}],"curies":[{"name":"wp","href":"https:\/\/api.w.org\/{rel}","templated":true}]}}